{"id":65,"date":"2025-03-30T11:27:41","date_gmt":"2025-03-30T11:27:41","guid":{"rendered":"https:\/\/zemire.ch\/?page_id=65"},"modified":"2025-04-09T20:16:24","modified_gmt":"2025-04-09T20:16:24","slug":"basic-life-support-defibrillation","status":"publish","type":"page","link":"https:\/\/zemire.ch\/?page_id=65","title":{"rendered":"Basic Life Support &amp; Defibrillation"},"content":{"rendered":"\n<figure class=\"wp-block-image size-full is-resized\"><img loading=\"lazy\" decoding=\"async\" width=\"581\" height=\"567\" src=\"https:\/\/zemire.ch\/wp-content\/uploads\/2025\/03\/aed-gf.png\" alt=\"\" class=\"wp-image-52\" style=\"width:171px;height:auto\" srcset=\"https:\/\/zemire.ch\/wp-content\/uploads\/2025\/03\/aed-gf.png 581w, https:\/\/zemire.ch\/wp-content\/uploads\/2025\/03\/aed-gf-300x293.png 300w\" sizes=\"auto, (max-width: 581px) 100vw, 581px\" \/><\/figure>\n\n\n\n<p>La formation DAN Basic Life Support &amp; Defibrillation &#8211; BLS(D) vous apprend \u00e0 porter assistance \u00e0 un adulte victime d&rsquo;un arr\u00eat cardiaque soudain ou de blessures mettant sa vie en danger en combinant les techniques BLS avec l&rsquo;utilisation d&rsquo;un d\u00e9fibrillateur automatis\u00e9 externe (DAE).<\/p>\n\n\n\n<figure class=\"wp-block-image size-full is-resized\"><img loading=\"lazy\" decoding=\"async\" width=\"528\" height=\"600\" src=\"https:\/\/zemire.ch\/wp-content\/uploads\/2025\/03\/6.Automated-External-Defibrillation-.jpg\" alt=\"\" class=\"wp-image-66\" style=\"width:303px;height:auto\" srcset=\"https:\/\/zemire.ch\/wp-content\/uploads\/2025\/03\/6.Automated-External-Defibrillation-.jpg 528w, https:\/\/zemire.ch\/wp-content\/uploads\/2025\/03\/6.Automated-External-Defibrillation--264x300.jpg 264w\" sizes=\"auto, (max-width: 528px) 100vw, 528px\" \/><\/figure>\n\n\n\n<p>La formation&nbsp;<strong>DAN Basic Life Support &amp; Defibrillation &#8211; BLS(D)<\/strong>&nbsp;forme \u00e0 la r\u00e9animation d&rsquo;un adulte victime d&rsquo;un arr\u00eat cardiaque soudain, afin de pr\u00e9venir les l\u00e9sions li\u00e9es \u00e0 l&rsquo;anoxie c\u00e9r\u00e9brale qui se produisent \u00e0 la suite de cet \u00e9tat. En plus de la r\u00e9animation cardio-pulmonaire (RCP), des h\u00e9morragies externes, de la gestion de l&rsquo;\u00e9tat de choc et des premiers secours en cas d&rsquo;obstruction des voies a\u00e9riennes par un corps \u00e9tranger, ce cours forme \u00e9galement \u00e0 l&rsquo;utilisation d&rsquo;un DAE (d\u00e9fibrillateur automatis\u00e9 externe) : un appareil essentiel pour administrer un choc \u00e9lectrique capable de red\u00e9marrer le c\u0153ur en cas de tachycardie ventriculaire sans pouls ou de fibrillation ventriculaire. Le cours DAN BLS(D) vous pr\u00e9parera \u00e0 r\u00e9agir correctement en cas d&rsquo;urgence et \u00e0 effectuer des techniques de secours simples en toute s\u00e9curit\u00e9.<\/p>\n\n\n\n<p><strong>Objectifs principaux<\/strong><\/p>\n\n\n\n<ul class=\"wp-block-list\">\n<li>Notions \u00e9l\u00e9mentaires d\u2019anatomie et de physiologie<\/li>\n\n\n\n<li>Chaine de survie<\/li>\n\n\n\n<li>Gestes de premiers secours<\/li>\n\n\n\n<li>Evaluation des risques (y compris la gestion des \u00e9quipements de protection individuelle \u2013 EPI)<\/li>\n\n\n\n<li>R\u00e9animation cardio-pulmonaire (RCP)<\/li>\n\n\n\n<li>Position de r\u00e9cup\u00e9ration<\/li>\n\n\n\n<li>Obstruction des voies a\u00e9riennes par un corps \u00e9tranger<\/li>\n\n\n\n<li>Contr\u00f4le d\u2019une h\u00e9morragie externe<\/li>\n\n\n\n<li>Gestion de l\u2019\u00e9tat de choc<\/li>\n\n\n\n<li>Utilisation d\u2019un D\u00e9fibrillateur Automatis\u00e9 Externe (DAE)<\/li>\n<\/ul>\n\n\n\n<p><strong>Dur\u00e9e de la formation<\/strong><\/p>\n\n\n\n<p>Un minimum de 5 heures<\/p>\n\n\n\n<p><strong>Pr\u00e9-requis<\/strong><\/p>\n\n\n\n<p>Aucun<\/p>\n\n\n\n<p><strong>Renouvellement de la certification<\/strong><\/p>\n\n\n\n<p>Tous les 24 mois, cependant, une mise \u00e0 jour plus r\u00e9guli\u00e8re est recommand\u00e9e.<\/p>\n","protected":false},"excerpt":{"rendered":"<p>La formation DAN Basic Life Support &amp; Defibrillation &#8211; BLS(D) vous apprend \u00e0 porter assistance \u00e0 un adulte victime d&rsquo;un arr\u00eat cardiaque soudain ou de blessures mettant sa vie en danger en combinant les techniques BLS avec l&rsquo;utilisation d&rsquo;un d\u00e9fibrillateur automatis\u00e9 externe (DAE). La formation&nbsp;DAN Basic Life Support &amp; Defibrillation &#8211; BLS(D)&nbsp;forme \u00e0 la r\u00e9animation [&hellip;]<\/p>\n","protected":false},"author":1,"featured_media":0,"parent":0,"menu_order":0,"comment_status":"closed","ping_status":"closed","template":"","meta":{"site-container-style":"default","site-container-layout":"default","site-sidebar-layout":"default","site-transparent-header":"default","disable-article-header":"default","disable-site-header":"default","disable-site-footer":"default","disable-content-area-spacing":"default","footnotes":""},"class_list":["post-65","page","type-page","status-publish","hentry"],"_links":{"self":[{"href":"https:\/\/zemire.ch\/index.php?rest_route=\/wp\/v2\/pages\/65","targetHints":{"allow":["GET"]}}],"collection":[{"href":"https:\/\/zemire.ch\/index.php?rest_route=\/wp\/v2\/pages"}],"about":[{"href":"https:\/\/zemire.ch\/index.php?rest_route=\/wp\/v2\/types\/page"}],"author":[{"embeddable":true,"href":"https:\/\/zemire.ch\/index.php?rest_route=\/wp\/v2\/users\/1"}],"replies":[{"embeddable":true,"href":"https:\/\/zemire.ch\/index.php?rest_route=%2Fwp%2Fv2%2Fcomments&post=65"}],"version-history":[{"count":5,"href":"https:\/\/zemire.ch\/index.php?rest_route=\/wp\/v2\/pages\/65\/revisions"}],"predecessor-version":[{"id":91,"href":"https:\/\/zemire.ch\/index.php?rest_route=\/wp\/v2\/pages\/65\/revisions\/91"}],"wp:attachment":[{"href":"https:\/\/zemire.ch\/index.php?rest_route=%2Fwp%2Fv2%2Fmedia&parent=65"}],"curies":[{"name":"wp","href":"https:\/\/api.w.org\/{rel}","templated":true}]}}