{"id":82,"date":"2025-04-09T20:10:40","date_gmt":"2025-04-09T20:10:40","guid":{"rendered":"https:\/\/zemire.ch\/?page_id=82"},"modified":"2025-04-09T20:14:27","modified_gmt":"2025-04-09T20:14:27","slug":"oxygen-first-aid-for-diving-emergencies","status":"publish","type":"page","link":"https:\/\/zemire.ch\/?page_id=82","title":{"rendered":"Oxygen First Aid for Diving Emergencies"},"content":{"rendered":"\n<figure class=\"wp-block-image size-full is-resized\"><img loading=\"lazy\" decoding=\"async\" width=\"564\" height=\"557\" src=\"https:\/\/zemire.ch\/wp-content\/uploads\/2025\/03\/o2-gff.png\" alt=\"\" class=\"wp-image-58\" style=\"width:133px;height:auto\" srcset=\"https:\/\/zemire.ch\/wp-content\/uploads\/2025\/03\/o2-gff.png 564w, https:\/\/zemire.ch\/wp-content\/uploads\/2025\/03\/o2-gff-300x296.png 300w\" sizes=\"auto, (max-width: 564px) 100vw, 564px\" \/><\/figure>\n\n\n\n<p>La formation DAN Oxygen First Aid for Diving Emergencies est con\u00e7ue pour apprendre aux plongeurs et aux non-plongeurs (par exemple, un capitaine de bateau de plong\u00e9e) \u00e0 reconna\u00eetre les signes et les sympt\u00f4mes des blessures li\u00e9es \u00e0 la plong\u00e9e et \u00e0 prodiguer les premiers secours avec de l&rsquo;oxyg\u00e8ne en cas d&rsquo;accidents li\u00e9s aux activit\u00e9s de plong\u00e9e.<\/p>\n\n\n\n<p><strong>Oxygen First Aid for Diving Emergencies<\/strong><\/p>\n\n\n\n<figure class=\"wp-block-image size-full is-resized\"><img loading=\"lazy\" decoding=\"async\" width=\"528\" height=\"600\" src=\"https:\/\/zemire.ch\/wp-content\/uploads\/2025\/04\/o2.jpg\" alt=\"\" class=\"wp-image-83\" style=\"width:318px;height:auto\" srcset=\"https:\/\/zemire.ch\/wp-content\/uploads\/2025\/04\/o2.jpg 528w, https:\/\/zemire.ch\/wp-content\/uploads\/2025\/04\/o2-264x300.jpg 264w\" sizes=\"auto, (max-width: 528px) 100vw, 528px\" \/><\/figure>\n\n\n\n<p>La formation<strong>&nbsp;DAN Oxygen First Aid for Diving Emergencies&nbsp;<\/strong>est con\u00e7ue pour apprendre aux plongeurs et aux non-plongeurs (par exemple un capitaine de bateau de plong\u00e9e) \u00e0 reconna\u00eetre les signes et sympt\u00f4mes des blessures li\u00e9es \u00e0 la plong\u00e9e et \u00e0 administrer de l&rsquo;oxyg\u00e8ne lors des premiers secours en cas d&rsquo;urgence de plong\u00e9e, en attendant l&rsquo;arriv\u00e9e des services m\u00e9dicaux sp\u00e9cialis\u00e9s ou l&rsquo;\u00e9vacuation vers le centre m\u00e9dical le plus proche. Cette formation fournit les bases pour la d\u00e9tection, la r\u00e9ponse et la gestion des accidents de plong\u00e9e et permet aux plongeurs exp\u00e9riment\u00e9s et aux instructeurs de se perfectionner. Le programme comporte des \u00e9clairages sur l&rsquo;anatomie et la physiologie de base et sur les diff\u00e9rents m\u00e9canismes des accidents en milieu aquatique.<\/p>\n\n\n\n<p><strong>Objectifs principaux<\/strong><\/p>\n\n\n\n<ul class=\"wp-block-list\">\n<li>Notions \u00e9l\u00e9mentaires d\u2019anatomie et de physiologie<\/li>\n\n\n\n<li>M\u00e9canismes des accidents en milieu aquatique<\/li>\n\n\n\n<li>Bilan neurologique rapide<\/li>\n\n\n\n<li>B\u00e9n\u00e9fices de l\u2019administration d\u2019oxyg\u00e8ne dans le cas d\u2019urgences li\u00e9es \u00e0 la plong\u00e9e<\/li>\n\n\n\n<li>Risques li\u00e9s \u00e0 l\u2019utilisation d\u2019oxyg\u00e8ne<\/li>\n\n\n\n<li>Syst\u00e8me d\u2019administration d\u2019oxyg\u00e8ne et ses composants<\/li>\n\n\n\n<li>Manipulation de l\u2019oxyg\u00e8ne<\/li>\n\n\n\n<li>R\u00e9glementation en vigueur<\/li>\n<\/ul>\n\n\n\n<p><strong>Pratique<\/strong><\/p>\n\n\n\n<ul class=\"wp-block-list\">\n<li>Assemblage et d\u00e9sassemblage du kit d\u2019oxyg\u00e8ne DAN<\/li>\n\n\n\n<li>D\u00e9tendeur d\u2019oxyg\u00e8ne \u00e0 la demande<\/li>\n\n\n\n<li>Masque de r\u00e9animation oro-nasal<\/li>\n\n\n\n<li>Masque de r\u00e9animation avec valve anti-retour<\/li>\n\n\n\n<li>Bilan neurologique rapide<\/li>\n\n\n\n<li>Gestion des urgences et r\u00e9cup\u00e9ration des param\u00e8tres de plong\u00e9e<\/li>\n<\/ul>\n\n\n\n<p><strong>Dur\u00e9e de la formation<\/strong><\/p>\n\n\n\n<p>Minimum 4 heures<\/p>\n\n\n\n<p><strong>Pr\u00e9-requis<\/strong><\/p>\n\n\n\n<p>Age minimum&nbsp;: 16 ans<\/p>\n\n\n\n<p>Certification en cours de validit\u00e9 DAN Basic Life Support (ou \u00e9quivalent**)<\/p>\n\n\n\n<p><em>Une formation de base RCP\/BLS est \u00e9quivalente \u00e0 une formation DAN BLS si elle suit les directives les plus r\u00e9centes de l&rsquo;ERC et si la certification est d\u00e9livr\u00e9e par un organisme de premiers secours reconnu.<\/em><\/p>\n","protected":false},"excerpt":{"rendered":"<p>La formation DAN Oxygen First Aid for Diving Emergencies est con\u00e7ue pour apprendre aux plongeurs et aux non-plongeurs (par exemple, un capitaine de bateau de plong\u00e9e) \u00e0 reconna\u00eetre les signes et les sympt\u00f4mes des blessures li\u00e9es \u00e0 la plong\u00e9e et \u00e0 prodiguer les premiers secours avec de l&rsquo;oxyg\u00e8ne en cas d&rsquo;accidents li\u00e9s aux activit\u00e9s de [&hellip;]<\/p>\n","protected":false},"author":1,"featured_media":0,"parent":0,"menu_order":0,"comment_status":"closed","ping_status":"closed","template":"","meta":{"site-container-style":"default","site-container-layout":"default","site-sidebar-layout":"default","site-transparent-header":"default","disable-article-header":"default","disable-site-header":"default","disable-site-footer":"default","disable-content-area-spacing":"default","footnotes":""},"class_list":["post-82","page","type-page","status-publish","hentry"],"_links":{"self":[{"href":"https:\/\/zemire.ch\/index.php?rest_route=\/wp\/v2\/pages\/82","targetHints":{"allow":["GET"]}}],"collection":[{"href":"https:\/\/zemire.ch\/index.php?rest_route=\/wp\/v2\/pages"}],"about":[{"href":"https:\/\/zemire.ch\/index.php?rest_route=\/wp\/v2\/types\/page"}],"author":[{"embeddable":true,"href":"https:\/\/zemire.ch\/index.php?rest_route=\/wp\/v2\/users\/1"}],"replies":[{"embeddable":true,"href":"https:\/\/zemire.ch\/index.php?rest_route=%2Fwp%2Fv2%2Fcomments&post=82"}],"version-history":[{"count":3,"href":"https:\/\/zemire.ch\/index.php?rest_route=\/wp\/v2\/pages\/82\/revisions"}],"predecessor-version":[{"id":89,"href":"https:\/\/zemire.ch\/index.php?rest_route=\/wp\/v2\/pages\/82\/revisions\/89"}],"wp:attachment":[{"href":"https:\/\/zemire.ch\/index.php?rest_route=%2Fwp%2Fv2%2Fmedia&parent=82"}],"curies":[{"name":"wp","href":"https:\/\/api.w.org\/{rel}","templated":true}]}}