{"id":9,"date":"2025-03-29T19:35:22","date_gmt":"2025-03-29T19:35:22","guid":{"rendered":"https:\/\/zemire.ch\/?page_id=9"},"modified":"2025-04-09T20:11:16","modified_gmt":"2025-04-09T20:11:16","slug":"home","status":"publish","type":"page","link":"https:\/\/zemire.ch\/","title":{"rendered":"Home"},"content":{"rendered":"\n<div class=\"wp-block-cover alignfull has-parallax has-text-color has-link-color wp-elements-32a6a609cb93d0c76af12671e2fd567d\" style=\"color:#fffefe;min-height:1017px;aspect-ratio:unset;\"><span aria-hidden=\"true\" class=\"wp-block-cover__background has-background-dim-20 has-background-dim\" style=\"background-color:#1c1c1c\"><\/span><div class=\"wp-block-cover__image-background has-parallax\" style=\"background-position:50% 50%;background-image:url(https:\/\/zemire.ch\/wp-content\/themes\/kenta-ciela\/assets\/images\/hero-background.jpg)\"><\/div><div class=\"wp-block-cover__inner-container is-layout-flow wp-block-cover-is-layout-flow\">\n<h1 class=\"wp-block-heading has-text-align-center has-text-color has-link-color wp-elements-59cd136ee8e63616538036185e951dc5\" style=\"color:#fefefe;padding-right:0;padding-left:0;font-size:clamp(2.418rem, 2.418rem + ((1vw - 0.2rem) * 4.062), 4.5rem);text-transform:capitalize\">Conseil &#8211; formation<\/h1>\n\n\n\n<p><\/p>\n\n\n\n<h4 class=\"wp-block-heading alignwide has-text-align-center\">Cours premiers secours Basic Life Support<br><\/h4>\n\n\n\n<figure class=\"wp-block-image aligncenter size-full is-resized\"><a href=\"https:\/\/www.daneurope.org\/en\/buy-dive-insurance#!\/partnerCode=892839\"><img loading=\"lazy\" decoding=\"async\" width=\"600\" height=\"253\" src=\"https:\/\/zemire.ch\/wp-content\/uploads\/2025\/03\/DanPartner.png.jpg\" alt=\"\" class=\"wp-image-54\" style=\"width:256px;height:auto\" srcset=\"https:\/\/zemire.ch\/wp-content\/uploads\/2025\/03\/DanPartner.png.jpg 600w, https:\/\/zemire.ch\/wp-content\/uploads\/2025\/03\/DanPartner.png-300x127.jpg 300w\" sizes=\"auto, (max-width: 600px) 100vw, 600px\" \/><\/a><\/figure>\n<\/div><\/div>\n\n\n\n<p><\/p>\n\n\n\n<div class=\"wp-block-group alignfull has-global-padding is-layout-constrained wp-block-group-is-layout-constrained\" style=\"margin-top:0;margin-bottom:0;padding-top:var(--wp--preset--spacing--80);padding-bottom:var(--wp--preset--spacing--80)\">\n<div class=\"wp-block-media-text alignwide is-stacked-on-mobile\" style=\"grid-template-columns:27% auto\"><figure class=\"wp-block-media-text__media\"><img loading=\"lazy\" decoding=\"async\" width=\"581\" height=\"567\" src=\"https:\/\/zemire.ch\/wp-content\/uploads\/2025\/03\/aed-gf.png\" alt=\"\" class=\"wp-image-52 size-full\" srcset=\"https:\/\/zemire.ch\/wp-content\/uploads\/2025\/03\/aed-gf.png 581w, https:\/\/zemire.ch\/wp-content\/uploads\/2025\/03\/aed-gf-300x293.png 300w\" sizes=\"auto, (max-width: 581px) 100vw, 581px\" \/><\/figure><div class=\"wp-block-media-text__content\">\n<figure class=\"wp-block-image size-full is-resized\"><img decoding=\"async\" src=\"https:\/\/zemire.ch\/wp-content\/themes\/kenta-ciela\/assets\/images\/separator.png\" alt=\"\" style=\"object-fit:cover;width:186px;height:auto\"\/><\/figure>\n\n\n\n<h2 class=\"wp-block-heading\" style=\"text-transform:capitalize\">Basic Life Support &amp; Defibrillation BLS(D)<\/h2>\n\n\n\n<p>La formation DAN Basic Life Support &amp; Defibrillation &#8211; BLS(D) vous apprend \u00e0 porter assistance \u00e0 un adulte victime d&rsquo;un arr\u00eat cardiaque soudain ou de blessures mettant sa vie en danger en combinant les techniques BLS avec l&rsquo;utilisation d&rsquo;un d\u00e9fibrillateur automatis\u00e9 externe (DAE).<\/p>\n\n\n\n<div class=\"wp-block-buttons is-layout-flex wp-block-buttons-is-layout-flex\">\n<div class=\"wp-block-button has-custom-font-size is-style-outline is-style-outline--1\" style=\"font-size:clamp(14px, 0.875rem + ((1vw - 3.2px) * 0.732), 20px);\"><a class=\"wp-block-button__link wp-element-button\" href=\"https:\/\/zemire.ch\/?page_id=65\">suite<\/a><\/div>\n<\/div>\n<\/div><\/div>\n<\/div>\n\n\n\n<div class=\"wp-block-group alignfull has-global-padding is-layout-constrained wp-block-group-is-layout-constrained\" style=\"margin-top:0;margin-bottom:0;padding-top:var(--wp--preset--spacing--80);padding-bottom:var(--wp--preset--spacing--80)\">\n<div class=\"wp-block-media-text alignwide has-media-on-the-right is-stacked-on-mobile\" style=\"grid-template-columns:auto 27%\"><div class=\"wp-block-media-text__content\">\n<figure class=\"wp-block-image size-full is-resized\"><img decoding=\"async\" src=\"https:\/\/zemire.ch\/wp-content\/themes\/kenta-ciela\/assets\/images\/separator.png\" alt=\"\" style=\"object-fit:cover;width:186px;height:auto\"\/><\/figure>\n\n\n\n<h2 class=\"wp-block-heading\" style=\"text-transform:capitalize\">Paediatric Basic Life Support &amp; Defibrillation<\/h2>\n\n\n\n<p>La formation DAN Paediatric Basic Life Support &amp; Defibrillation PBLS(D) est une extension de la formation DAN Basic Life Support (pour adultes). Ce programme est con\u00e7u pour vous enseigner les comp\u00e9tences n\u00e9cessaires pour g\u00e9rer l&rsquo;arr\u00eat cardiaque d&rsquo;une victime p\u00e9diatrique \u00e0 l&rsquo;aide d&rsquo;un D\u00e9fibrillateur Automatis\u00e9 Externe (DAE).<\/p>\n\n\n\n<div class=\"wp-block-buttons is-layout-flex wp-block-buttons-is-layout-flex\">\n<div class=\"wp-block-button has-custom-font-size is-style-outline is-style-outline--2\" style=\"font-size:clamp(14px, 0.875rem + ((1vw - 3.2px) * 0.732), 20px);\"><a class=\"wp-block-button__link wp-element-button\" href=\"https:\/\/zemire.ch\/?page_id=78\">Suite<\/a><\/div>\n<\/div>\n<\/div><figure class=\"wp-block-media-text__media\"><img loading=\"lazy\" decoding=\"async\" width=\"558\" height=\"564\" src=\"https:\/\/zemire.ch\/wp-content\/uploads\/2025\/03\/pbls-gf.png\" alt=\"\" class=\"wp-image-57 size-full\" srcset=\"https:\/\/zemire.ch\/wp-content\/uploads\/2025\/03\/pbls-gf.png 558w, https:\/\/zemire.ch\/wp-content\/uploads\/2025\/03\/pbls-gf-297x300.png 297w\" sizes=\"auto, (max-width: 558px) 100vw, 558px\" \/><\/figure><\/div>\n<\/div>\n\n\n\n<div class=\"wp-block-group alignfull has-global-padding is-layout-constrained wp-block-group-is-layout-constrained\" style=\"margin-top:0;margin-bottom:0;padding-top:var(--wp--preset--spacing--80);padding-bottom:var(--wp--preset--spacing--80)\">\n<div class=\"wp-block-media-text alignwide is-stacked-on-mobile\" style=\"grid-template-columns:27% auto\"><figure class=\"wp-block-media-text__media\"><img loading=\"lazy\" decoding=\"async\" width=\"564\" height=\"557\" src=\"https:\/\/zemire.ch\/wp-content\/uploads\/2025\/03\/o2-gff.png\" alt=\"\" class=\"wp-image-58 size-full\" srcset=\"https:\/\/zemire.ch\/wp-content\/uploads\/2025\/03\/o2-gff.png 564w, https:\/\/zemire.ch\/wp-content\/uploads\/2025\/03\/o2-gff-300x296.png 300w\" sizes=\"auto, (max-width: 564px) 100vw, 564px\" \/><\/figure><div class=\"wp-block-media-text__content\">\n<figure class=\"wp-block-image size-full is-resized\"><img decoding=\"async\" src=\"https:\/\/zemire.ch\/wp-content\/themes\/kenta-ciela\/assets\/images\/separator.png\" alt=\"\" style=\"object-fit:cover;width:186px;height:auto\"\/><\/figure>\n\n\n\n<h2 class=\"wp-block-heading\" style=\"text-transform:capitalize\">Oxygen First Aid for Scuba Diving Injuries<\/h2>\n\n\n\n<p>La formation DAN Oxygen First Aid for Diving Emergencies est con\u00e7ue pour apprendre aux plongeurs et aux non-plongeurs (par exemple, un capitaine de bateau de plong\u00e9e) \u00e0 reconna\u00eetre les signes et les sympt\u00f4mes des blessures li\u00e9es \u00e0 la plong\u00e9e et \u00e0 prodiguer les premiers secours avec de l&rsquo;oxyg\u00e8ne en cas d&rsquo;accidents li\u00e9s aux activit\u00e9s de plong\u00e9e.<\/p>\n\n\n\n<div class=\"wp-block-buttons is-layout-flex wp-block-buttons-is-layout-flex\">\n<div class=\"wp-block-button has-custom-font-size is-style-outline is-style-outline--3\" style=\"font-size:clamp(14px, 0.875rem + ((1vw - 3.2px) * 0.732), 20px);\"><a class=\"wp-block-button__link wp-element-button\" href=\"https:\/\/zemire.ch\/?page_id=82\">suite<\/a><\/div>\n<\/div>\n<\/div><\/div>\n<\/div>\n\n\n\n<p><\/p>\n","protected":false},"excerpt":{"rendered":"<p>Basic Life Support &amp; Defibrillation BLS(D) La formation DAN Basic Life Support &amp; Defibrillation &#8211; BLS(D) vous apprend \u00e0 porter assistance \u00e0 un adulte victime d&rsquo;un arr\u00eat cardiaque soudain ou de blessures mettant sa vie en danger en combinant les techniques BLS avec l&rsquo;utilisation d&rsquo;un d\u00e9fibrillateur automatis\u00e9 externe (DAE). Paediatric Basic Life Support &amp; Defibrillation [&hellip;]<\/p>\n","protected":false},"author":1,"featured_media":0,"parent":0,"menu_order":0,"comment_status":"closed","ping_status":"closed","template":"templates\/boxed-trans-header-page-builder.php","meta":{"site-container-style":"default","site-container-layout":"default","site-sidebar-layout":"default","site-transparent-header":"default","disable-article-header":"default","disable-site-header":"default","disable-site-footer":"default","disable-content-area-spacing":"default","footnotes":""},"class_list":["post-9","page","type-page","status-publish","hentry"],"_links":{"self":[{"href":"https:\/\/zemire.ch\/index.php?rest_route=\/wp\/v2\/pages\/9","targetHints":{"allow":["GET"]}}],"collection":[{"href":"https:\/\/zemire.ch\/index.php?rest_route=\/wp\/v2\/pages"}],"about":[{"href":"https:\/\/zemire.ch\/index.php?rest_route=\/wp\/v2\/types\/page"}],"author":[{"embeddable":true,"href":"https:\/\/zemire.ch\/index.php?rest_route=\/wp\/v2\/users\/1"}],"replies":[{"embeddable":true,"href":"https:\/\/zemire.ch\/index.php?rest_route=%2Fwp%2Fv2%2Fcomments&post=9"}],"version-history":[{"count":20,"href":"https:\/\/zemire.ch\/index.php?rest_route=\/wp\/v2\/pages\/9\/revisions"}],"predecessor-version":[{"id":85,"href":"https:\/\/zemire.ch\/index.php?rest_route=\/wp\/v2\/pages\/9\/revisions\/85"}],"wp:attachment":[{"href":"https:\/\/zemire.ch\/index.php?rest_route=%2Fwp%2Fv2%2Fmedia&parent=9"}],"curies":[{"name":"wp","href":"https:\/\/api.w.org\/{rel}","templated":true}]}}